{"id":508,"date":"2026-02-10T12:22:30","date_gmt":"2026-02-10T11:22:30","guid":{"rendered":"https:\/\/la-table-paysanne.fr\/?page_id=508"},"modified":"2026-02-10T12:23:15","modified_gmt":"2026-02-10T11:23:15","slug":"nos-partenaires","status":"publish","type":"page","link":"https:\/\/la-table-paysanne.fr\/?page_id=508","title":{"rendered":"Nos partenaires"},"content":{"rendered":"\t\t<div data-elementor-type=\"wp-page\" data-elementor-id=\"508\" class=\"elementor elementor-508\" data-elementor-post-type=\"page\">\n\t\t\t\t<div class=\"elementor-element elementor-element-4096d41e e-con-full e-flex e-con e-parent\" data-id=\"4096d41e\" data-element_type=\"container\">\n\t\t<div class=\"elementor-element elementor-element-3be4d793 e-con-full e-flex e-con e-child\" data-id=\"3be4d793\" data-element_type=\"container\" data-settings=\"{&quot;background_background&quot;:&quot;classic&quot;}\">\n\t\t\t\t<\/div>\n\t\t<div class=\"elementor-element elementor-element-54bebce5 e-con-full e-flex e-con e-child\" data-id=\"54bebce5\" data-element_type=\"container\">\n\t\t\t\t<div class=\"elementor-element elementor-element-21363c3e elementor-widget elementor-widget-heading\" data-id=\"21363c3e\" data-element_type=\"widget\" data-widget_type=\"heading.default\">\n\t\t\t\t<div class=\"elementor-widget-container\">\n\t\t\t\t\t<h1 class=\"elementor-heading-title elementor-size-default\">H\u00f4tel Saint-Louis<\/h1>\t\t\t\t<\/div>\n\t\t\t\t<\/div>\n\t\t\t\t<div class=\"elementor-element elementor-element-7e6d50af elementor-widget elementor-widget-text-editor\" data-id=\"7e6d50af\" data-element_type=\"widget\" data-widget_type=\"text-editor.default\">\n\t\t\t\t<div class=\"elementor-widget-container\">\n\t\t\t\t\t\t\t\t\t<p data-start=\"117\" data-end=\"424\">H\u00f4tel au calme \u00e0 proximit\u00e9 de l\u2019Isle-sur-la-Sorgue, vos nuits sont assur\u00e9ment <strong>reposantes et relaxantes<\/strong>. Vous serez charm\u00e9 par la\u00a0<strong>qui\u00e9tude\u00a0<\/strong>qui r\u00e8gne \u00e0 l\u2019H\u00f4tel Saint Louis et dans ses environs.\u00a0<\/p>\t\t\t\t\t\t\t\t<\/div>\n\t\t\t\t<\/div>\n\t\t\t\t<\/div>\n\t\t\t\t<\/div>\n\t\t<div class=\"elementor-element elementor-element-7bb50cfc e-con-full e-flex e-con e-parent\" data-id=\"7bb50cfc\" data-element_type=\"container\">\n\t\t<div class=\"elementor-element elementor-element-182feb7c e-con-full e-flex e-con e-child\" data-id=\"182feb7c\" data-element_type=\"container\">\n\t\t\t\t<div class=\"elementor-element elementor-element-3625ceee elementor-widget elementor-widget-heading\" data-id=\"3625ceee\" data-element_type=\"widget\" data-widget_type=\"heading.default\">\n\t\t\t\t<div class=\"elementor-widget-container\">\n\t\t\t\t\t<h2 class=\"elementor-heading-title elementor-size-default\">La garance en Provence<\/h2>\t\t\t\t<\/div>\n\t\t\t\t<\/div>\n\t\t\t\t<div class=\"elementor-element elementor-element-795d4c60 elementor-widget elementor-widget-text-editor\" data-id=\"795d4c60\" data-element_type=\"widget\" data-widget_type=\"text-editor.default\">\n\t\t\t\t<div class=\"elementor-widget-container\">\n\t\t\t\t\t\t\t\t\t<p class=\"font_9 wixui-rich-text__text\"><span class=\"wixui-rich-text__text\">Ce mas est un ancien relais de poste du 17\u00e8me, avec une vue sur le ch\u00e2teau de Thouzon, entre Avignon, la cit\u00e9 des Papes et le c\u00e9l\u00e8bre village des antiquaires de l&rsquo;Isle sur la Sorgue.<\/span><\/p><p data-start=\"154\" data-end=\"457\">Vous trouverez ci-dessous une brochure type qui nous sert de base lors de notre premier rendez-vous avec vous !\u00a0<\/p>\t\t\t\t\t\t\t\t<\/div>\n\t\t\t\t<\/div>\n\t\t\t\t<\/div>\n\t\t<div class=\"elementor-element elementor-element-4682f5d6 e-con-full elementor-hidden-tablet e-flex e-con e-child\" data-id=\"4682f5d6\" data-element_type=\"container\" data-settings=\"{&quot;background_background&quot;:&quot;classic&quot;}\">\n\t\t\t\t<\/div>\n\t\t\t\t<\/div>\n\t\t<div class=\"elementor-element elementor-element-d036744 e-con-full e-flex e-con e-parent\" data-id=\"d036744\" data-element_type=\"container\">\n\t\t<div class=\"elementor-element elementor-element-2e2618b e-con-full e-flex e-con e-child\" data-id=\"2e2618b\" data-element_type=\"container\" data-settings=\"{&quot;background_background&quot;:&quot;classic&quot;}\">\n\t\t\t\t<\/div>\n\t\t<div class=\"elementor-element elementor-element-b23dd54 e-con-full e-flex e-con e-child\" data-id=\"b23dd54\" data-element_type=\"container\">\n\t\t\t\t<div class=\"elementor-element elementor-element-6a27ea4 elementor-widget elementor-widget-heading\" data-id=\"6a27ea4\" data-element_type=\"widget\" data-widget_type=\"heading.default\">\n\t\t\t\t<div class=\"elementor-widget-container\">\n\t\t\t\t\t<h1 class=\"elementor-heading-title elementor-size-default\">Montjoia Provence<\/h1>\t\t\t\t<\/div>\n\t\t\t\t<\/div>\n\t\t\t\t<div class=\"elementor-element elementor-element-2cdba10 elementor-widget elementor-widget-text-editor\" data-id=\"2cdba10\" data-element_type=\"widget\" data-widget_type=\"text-editor.default\">\n\t\t\t\t<div class=\"elementor-widget-container\">\n\t\t\t\t\t\t\t\t\t<p data-start=\"117\" data-end=\"424\"><strong>\u00ab\u00a0Montjoia\u00a0\u00bb<\/strong>\u00a0est une invitation \u00e0 d\u00e9couvrir les villages embl\u00e9matiques de la Provence l\u2019Isle sur la Sorgue, Ch\u00e2teauneuf de Gadagne, Fontaine de Vaucluse, Gordes, Roussillon\u2026c\u2019est le point de d\u00e9part id\u00e9al pour explorer la Provence et ses march\u00e9s locaux.<\/p>\t\t\t\t\t\t\t\t<\/div>\n\t\t\t\t<\/div>\n\t\t\t\t<\/div>\n\t\t\t\t<\/div>\n\t\t<div class=\"elementor-element elementor-element-52d1382 e-con-full e-flex e-con e-parent\" data-id=\"52d1382\" data-element_type=\"container\">\n\t\t<div class=\"elementor-element elementor-element-29da79d e-con-full e-flex e-con e-child\" data-id=\"29da79d\" data-element_type=\"container\">\n\t\t\t\t<div class=\"elementor-element elementor-element-a690791 elementor-widget elementor-widget-heading\" data-id=\"a690791\" data-element_type=\"widget\" data-widget_type=\"heading.default\">\n\t\t\t\t<div class=\"elementor-widget-container\">\n\t\t\t\t\t<h2 class=\"elementor-heading-title elementor-size-default\">Maison de l'eau vive<\/h2>\t\t\t\t<\/div>\n\t\t\t\t<\/div>\n\t\t\t\t<div class=\"elementor-element elementor-element-96ad661 elementor-widget elementor-widget-text-editor\" data-id=\"96ad661\" data-element_type=\"widget\" data-widget_type=\"text-editor.default\">\n\t\t\t\t<div class=\"elementor-widget-container\">\n\t\t\t\t\t\t\t\t\t<p data-start=\"154\" data-end=\"457\">Situ\u00e9e dans un environnement calme et verdoyant, en bord direct de la Sorgue. Un lieu id\u00e9al pour ceux qui recherchent s\u00e9r\u00e9nit\u00e9, nature et d\u00e9tente au c\u0153ur de la Provence.<\/p>\t\t\t\t\t\t\t\t<\/div>\n\t\t\t\t<\/div>\n\t\t\t\t<\/div>\n\t\t<div class=\"elementor-element elementor-element-753539b e-con-full elementor-hidden-tablet e-flex e-con e-child\" data-id=\"753539b\" data-element_type=\"container\" data-settings=\"{&quot;background_background&quot;:&quot;classic&quot;}\">\n\t\t\t\t<\/div>\n\t\t\t\t<\/div>\n\t\t<div class=\"elementor-element elementor-element-22a3282 e-con-full e-flex e-con e-parent\" data-id=\"22a3282\" data-element_type=\"container\">\n\t\t<div class=\"elementor-element elementor-element-c217745 e-con-full e-flex e-con e-child\" data-id=\"c217745\" data-element_type=\"container\" data-settings=\"{&quot;background_background&quot;:&quot;classic&quot;}\">\n\t\t\t\t<\/div>\n\t\t<div class=\"elementor-element elementor-element-693f337 e-con-full e-flex e-con e-child\" data-id=\"693f337\" data-element_type=\"container\">\n\t\t\t\t<div class=\"elementor-element elementor-element-a274060 elementor-widget elementor-widget-heading\" data-id=\"a274060\" data-element_type=\"widget\" data-widget_type=\"heading.default\">\n\t\t\t\t<div class=\"elementor-widget-container\">\n\t\t\t\t\t<h1 class=\"elementor-heading-title elementor-size-default\">La petite rive <\/h1>\t\t\t\t<\/div>\n\t\t\t\t<\/div>\n\t\t\t\t<div class=\"elementor-element elementor-element-1ecafec elementor-widget elementor-widget-text-editor\" data-id=\"1ecafec\" data-element_type=\"widget\" data-widget_type=\"text-editor.default\">\n\t\t\t\t<div class=\"elementor-widget-container\">\n\t\t\t\t\t\t\t\t\t<p data-start=\"117\" data-end=\"424\">Situ\u00e9s \u00e0 Velleron, face au Mont Ventoux, avec une localisation id\u00e9ale pour visiter les plus beaux sites de Provence, les g\u00eetes de vous accueillent pour un s\u00e9jour bucolique au coeur de la nature proven\u00e7ale.<\/p>\t\t\t\t\t\t\t\t<\/div>\n\t\t\t\t<\/div>\n\t\t\t\t<\/div>\n\t\t\t\t<\/div>\n\t\t\t\t<\/div>\n\t\t","protected":false},"excerpt":{"rendered":"<p>H\u00f4tel Saint-Louis H\u00f4tel au calme \u00e0 proximit\u00e9 de l\u2019Isle-sur-la-Sorgue, vos nuits sont assur\u00e9ment reposantes et relaxantes. Vous serez charm\u00e9 par la\u00a0qui\u00e9tude\u00a0qui r\u00e8gne \u00e0 l\u2019H\u00f4tel Saint Louis et dans ses environs.\u00a0 La garance en Provence Ce mas est un ancien relais de poste du 17\u00e8me, avec une vue sur le ch\u00e2teau de Thouzon, entre Avignon, la [&hellip;]<\/p>\n","protected":false},"author":1,"featured_media":0,"parent":0,"menu_order":0,"comment_status":"closed","ping_status":"closed","template":"","meta":{"footnotes":""},"class_list":["post-508","page","type-page","status-publish","hentry"],"yoast_head":"<!-- This site is optimized with the Yoast SEO plugin v26.9 - https:\/\/yoast.com\/product\/yoast-seo-wordpress\/ -->\n<title>Nos partenaires - La Table Paysanne<\/title>\n<meta name=\"robots\" content=\"index, follow, max-snippet:-1, max-image-preview:large, max-video-preview:-1\" \/>\n<link rel=\"canonical\" href=\"https:\/\/la-table-paysanne.fr\/?page_id=508\" \/>\n<meta property=\"og:locale\" content=\"fr_FR\" \/>\n<meta property=\"og:type\" content=\"article\" \/>\n<meta property=\"og:title\" content=\"Nos partenaires - La Table Paysanne\" \/>\n<meta property=\"og:description\" content=\"H\u00f4tel Saint-Louis H\u00f4tel au calme \u00e0 proximit\u00e9 de l\u2019Isle-sur-la-Sorgue, vos nuits sont assur\u00e9ment reposantes et relaxantes. Vous serez charm\u00e9 par la\u00a0qui\u00e9tude\u00a0qui r\u00e8gne \u00e0 l\u2019H\u00f4tel Saint Louis et dans ses environs.\u00a0 La garance en Provence Ce mas est un ancien relais de poste du 17\u00e8me, avec une vue sur le ch\u00e2teau de Thouzon, entre Avignon, la [&hellip;]\" \/>\n<meta property=\"og:url\" content=\"https:\/\/la-table-paysanne.fr\/?page_id=508\" \/>\n<meta property=\"og:site_name\" content=\"La Table Paysanne\" \/>\n<meta property=\"article:modified_time\" content=\"2026-02-10T11:23:15+00:00\" \/>\n<meta name=\"twitter:card\" content=\"summary_large_image\" \/>\n<meta name=\"twitter:label1\" content=\"Dur\u00e9e de lecture estim\u00e9e\" \/>\n\t<meta name=\"twitter:data1\" content=\"2 minutes\" \/>\n<script type=\"application\/ld+json\" class=\"yoast-schema-graph\">{\"@context\":\"https:\/\/schema.org\",\"@graph\":[{\"@type\":\"WebPage\",\"@id\":\"https:\/\/la-table-paysanne.fr\/?page_id=508\",\"url\":\"https:\/\/la-table-paysanne.fr\/?page_id=508\",\"name\":\"Nos partenaires - La Table Paysanne\",\"isPartOf\":{\"@id\":\"https:\/\/la-table-paysanne.fr\/#website\"},\"datePublished\":\"2026-02-10T11:22:30+00:00\",\"dateModified\":\"2026-02-10T11:23:15+00:00\",\"breadcrumb\":{\"@id\":\"https:\/\/la-table-paysanne.fr\/?page_id=508#breadcrumb\"},\"inLanguage\":\"fr-FR\",\"potentialAction\":[{\"@type\":\"ReadAction\",\"target\":[\"https:\/\/la-table-paysanne.fr\/?page_id=508\"]}]},{\"@type\":\"BreadcrumbList\",\"@id\":\"https:\/\/la-table-paysanne.fr\/?page_id=508#breadcrumb\",\"itemListElement\":[{\"@type\":\"ListItem\",\"position\":1,\"name\":\"Accueil\",\"item\":\"https:\/\/la-table-paysanne.fr\/\"},{\"@type\":\"ListItem\",\"position\":2,\"name\":\"Nos partenaires\"}]},{\"@type\":\"WebSite\",\"@id\":\"https:\/\/la-table-paysanne.fr\/#website\",\"url\":\"https:\/\/la-table-paysanne.fr\/\",\"name\":\"La Table Paysanne\",\"description\":\"\",\"publisher\":{\"@id\":\"https:\/\/la-table-paysanne.fr\/#organization\"},\"potentialAction\":[{\"@type\":\"SearchAction\",\"target\":{\"@type\":\"EntryPoint\",\"urlTemplate\":\"https:\/\/la-table-paysanne.fr\/?s={search_term_string}\"},\"query-input\":{\"@type\":\"PropertyValueSpecification\",\"valueRequired\":true,\"valueName\":\"search_term_string\"}}],\"inLanguage\":\"fr-FR\"},{\"@type\":\"Organization\",\"@id\":\"https:\/\/la-table-paysanne.fr\/#organization\",\"name\":\"La Table Paysanne\",\"url\":\"https:\/\/la-table-paysanne.fr\/\",\"logo\":{\"@type\":\"ImageObject\",\"inLanguage\":\"fr-FR\",\"@id\":\"https:\/\/la-table-paysanne.fr\/#\/schema\/logo\/image\/\",\"url\":\"https:\/\/la-table-paysanne.fr\/wp-content\/uploads\/2025\/05\/1000000516_2.webp\",\"contentUrl\":\"https:\/\/la-table-paysanne.fr\/wp-content\/uploads\/2025\/05\/1000000516_2.webp\",\"width\":1066,\"height\":847,\"caption\":\"La Table Paysanne\"},\"image\":{\"@id\":\"https:\/\/la-table-paysanne.fr\/#\/schema\/logo\/image\/\"}}]}<\/script>\n<!-- \/ Yoast SEO plugin. -->","yoast_head_json":{"title":"Nos partenaires - La Table Paysanne","robots":{"index":"index","follow":"follow","max-snippet":"max-snippet:-1","max-image-preview":"max-image-preview:large","max-video-preview":"max-video-preview:-1"},"canonical":"https:\/\/la-table-paysanne.fr\/?page_id=508","og_locale":"fr_FR","og_type":"article","og_title":"Nos partenaires - La Table Paysanne","og_description":"H\u00f4tel Saint-Louis H\u00f4tel au calme \u00e0 proximit\u00e9 de l\u2019Isle-sur-la-Sorgue, vos nuits sont assur\u00e9ment reposantes et relaxantes. Vous serez charm\u00e9 par la\u00a0qui\u00e9tude\u00a0qui r\u00e8gne \u00e0 l\u2019H\u00f4tel Saint Louis et dans ses environs.\u00a0 La garance en Provence Ce mas est un ancien relais de poste du 17\u00e8me, avec une vue sur le ch\u00e2teau de Thouzon, entre Avignon, la [&hellip;]","og_url":"https:\/\/la-table-paysanne.fr\/?page_id=508","og_site_name":"La Table Paysanne","article_modified_time":"2026-02-10T11:23:15+00:00","twitter_card":"summary_large_image","twitter_misc":{"Dur\u00e9e de lecture estim\u00e9e":"2 minutes"},"schema":{"@context":"https:\/\/schema.org","@graph":[{"@type":"WebPage","@id":"https:\/\/la-table-paysanne.fr\/?page_id=508","url":"https:\/\/la-table-paysanne.fr\/?page_id=508","name":"Nos partenaires - La Table Paysanne","isPartOf":{"@id":"https:\/\/la-table-paysanne.fr\/#website"},"datePublished":"2026-02-10T11:22:30+00:00","dateModified":"2026-02-10T11:23:15+00:00","breadcrumb":{"@id":"https:\/\/la-table-paysanne.fr\/?page_id=508#breadcrumb"},"inLanguage":"fr-FR","potentialAction":[{"@type":"ReadAction","target":["https:\/\/la-table-paysanne.fr\/?page_id=508"]}]},{"@type":"BreadcrumbList","@id":"https:\/\/la-table-paysanne.fr\/?page_id=508#breadcrumb","itemListElement":[{"@type":"ListItem","position":1,"name":"Accueil","item":"https:\/\/la-table-paysanne.fr\/"},{"@type":"ListItem","position":2,"name":"Nos partenaires"}]},{"@type":"WebSite","@id":"https:\/\/la-table-paysanne.fr\/#website","url":"https:\/\/la-table-paysanne.fr\/","name":"La Table Paysanne","description":"","publisher":{"@id":"https:\/\/la-table-paysanne.fr\/#organization"},"potentialAction":[{"@type":"SearchAction","target":{"@type":"EntryPoint","urlTemplate":"https:\/\/la-table-paysanne.fr\/?s={search_term_string}"},"query-input":{"@type":"PropertyValueSpecification","valueRequired":true,"valueName":"search_term_string"}}],"inLanguage":"fr-FR"},{"@type":"Organization","@id":"https:\/\/la-table-paysanne.fr\/#organization","name":"La Table Paysanne","url":"https:\/\/la-table-paysanne.fr\/","logo":{"@type":"ImageObject","inLanguage":"fr-FR","@id":"https:\/\/la-table-paysanne.fr\/#\/schema\/logo\/image\/","url":"https:\/\/la-table-paysanne.fr\/wp-content\/uploads\/2025\/05\/1000000516_2.webp","contentUrl":"https:\/\/la-table-paysanne.fr\/wp-content\/uploads\/2025\/05\/1000000516_2.webp","width":1066,"height":847,"caption":"La Table Paysanne"},"image":{"@id":"https:\/\/la-table-paysanne.fr\/#\/schema\/logo\/image\/"}}]}},"_links":{"self":[{"href":"https:\/\/la-table-paysanne.fr\/index.php?rest_route=\/wp\/v2\/pages\/508","targetHints":{"allow":["GET"]}}],"collection":[{"href":"https:\/\/la-table-paysanne.fr\/index.php?rest_route=\/wp\/v2\/pages"}],"about":[{"href":"https:\/\/la-table-paysanne.fr\/index.php?rest_route=\/wp\/v2\/types\/page"}],"author":[{"embeddable":true,"href":"https:\/\/la-table-paysanne.fr\/index.php?rest_route=\/wp\/v2\/users\/1"}],"replies":[{"embeddable":true,"href":"https:\/\/la-table-paysanne.fr\/index.php?rest_route=%2Fwp%2Fv2%2Fcomments&post=508"}],"version-history":[{"count":7,"href":"https:\/\/la-table-paysanne.fr\/index.php?rest_route=\/wp\/v2\/pages\/508\/revisions"}],"predecessor-version":[{"id":520,"href":"https:\/\/la-table-paysanne.fr\/index.php?rest_route=\/wp\/v2\/pages\/508\/revisions\/520"}],"wp:attachment":[{"href":"https:\/\/la-table-paysanne.fr\/index.php?rest_route=%2Fwp%2Fv2%2Fmedia&parent=508"}],"curies":[{"name":"wp","href":"https:\/\/api.w.org\/{rel}","templated":true}]}}