{"id":31,"date":"2025-05-29T12:45:04","date_gmt":"2025-05-29T10:45:04","guid":{"rendered":"https:\/\/la-table-paysanne.fr\/contact-us\/"},"modified":"2025-11-27T15:30:00","modified_gmt":"2025-11-27T14:30:00","slug":"nous-contacter","status":"publish","type":"page","link":"https:\/\/la-table-paysanne.fr\/?page_id=31","title":{"rendered":"Nous contacter"},"content":{"rendered":"\t\t<div data-elementor-type=\"wp-page\" data-elementor-id=\"31\" class=\"elementor elementor-31\" data-elementor-post-type=\"page\">\n\t\t\t\t<div class=\"elementor-element elementor-element-f253d2a e-flex e-con-boxed e-con e-parent\" data-id=\"f253d2a\" data-element_type=\"container\" data-settings=\"{&quot;background_background&quot;:&quot;classic&quot;}\">\n\t\t\t\t\t<div class=\"e-con-inner\">\n\t\t\t\t<div class=\"elementor-element elementor-element-4e76231c elementor-widget elementor-widget-heading\" data-id=\"4e76231c\" data-element_type=\"widget\" data-widget_type=\"heading.default\">\n\t\t\t\t<div class=\"elementor-widget-container\">\n\t\t\t\t\t<h3 class=\"elementor-heading-title elementor-size-default\">D\u00e9couvrez la table paysanne\n<\/h3>\t\t\t\t<\/div>\n\t\t\t\t<\/div>\n\t\t\t\t<div class=\"elementor-element elementor-element-525b066b elementor-widget elementor-widget-heading\" data-id=\"525b066b\" data-element_type=\"widget\" data-widget_type=\"heading.default\">\n\t\t\t\t<div class=\"elementor-widget-container\">\n\t\t\t\t\t<h1 class=\"elementor-heading-title elementor-size-default\">R\u00e9servez une table<\/h1>\t\t\t\t<\/div>\n\t\t\t\t<\/div>\n\t\t\t\t<div class=\"elementor-element elementor-element-51e0b5b5 elementor-widget elementor-widget-text-editor\" data-id=\"51e0b5b5\" data-element_type=\"widget\" data-widget_type=\"text-editor.default\">\n\t\t\t\t<div class=\"elementor-widget-container\">\n\t\t\t\t\t\t\t\t\t<p>Envie de savourer une cuisine traditionnelle, faite maison et inspir\u00e9e des produits de notre r\u00e9gion ? R\u00e9servez votre table d\u00e8s maintenant et venez d\u00e9couvrir des plats pr\u00e9par\u00e9s avec passion, dans une ambiance conviviale et chaleureuse. Nous avons h\u00e2te de vous accueillir !<\/p>\t\t\t\t\t\t\t\t<\/div>\n\t\t\t\t<\/div>\n\t\t\t\t\t<\/div>\n\t\t\t\t<\/div>\n\t\t<div class=\"elementor-element elementor-element-5b026d91 e-flex e-con-boxed e-con e-parent\" data-id=\"5b026d91\" data-element_type=\"container\">\n\t\t\t\t\t<div class=\"e-con-inner\">\n\t\t<div class=\"elementor-element elementor-element-42ba8029 e-con-full e-flex e-con e-child\" data-id=\"42ba8029\" data-element_type=\"container\">\n\t\t\t\t<div class=\"elementor-element elementor-element-51071026 elementor-widget elementor-widget-heading\" data-id=\"51071026\" data-element_type=\"widget\" data-widget_type=\"heading.default\">\n\t\t\t\t<div class=\"elementor-widget-container\">\n\t\t\t\t\t<h2 class=\"elementor-heading-title elementor-size-default\">infos et r\u00e9servations\n<\/h2>\t\t\t\t<\/div>\n\t\t\t\t<\/div>\n\t\t<div class=\"elementor-element elementor-element-3dae9625 e-con-full e-flex e-con e-child\" data-id=\"3dae9625\" data-element_type=\"container\">\n\t\t\t\t<div class=\"elementor-element elementor-element-5f915fb6 elementor-position-inline-start elementor-view-default elementor-mobile-position-block-start elementor-widget elementor-widget-icon-box\" data-id=\"5f915fb6\" data-element_type=\"widget\" data-widget_type=\"icon-box.default\">\n\t\t\t\t<div class=\"elementor-widget-container\">\n\t\t\t\t\t\t\t<div class=\"elementor-icon-box-wrapper\">\n\n\t\t\t\t\t\t<div class=\"elementor-icon-box-icon\">\n\t\t\t\t<span  class=\"elementor-icon\">\n\t\t\t\t<svg xmlns=\"http:\/\/www.w3.org\/2000\/svg\" id=\"bab5aae0-1674-415e-bec1-afcc42ef98e7\" data-name=\"Layer 1\" width=\"60\" height=\"60\" viewBox=\"0 0 60 60\"><title>OPENING HOURS icon<\/title><path d=\"M51.2132,8.7868A30,30,0,1,0,8.7868,51.2132,30,30,0,1,0,51.2132,8.7868ZM30,58.0851A28.0851,28.0851,0,1,1,58.0851,30,28.1167,28.1167,0,0,1,30,58.0851Z\"><\/path><path d=\"M33.569,30.4323,45.7238,18.2775a.9431.9431,0,0,0,0-1.3337l-2.6675-2.6676a.9431.9431,0,0,0-1.3337,0l-9.5588,9.5589a.943.943,0,0,0,1.3336,1.3337l8.8919-8.892,1.3338,1.3338L33.1817,28.152a3.466,3.466,0,0,0-2.4228-1.721l-8.1536-8.1537a.9431.9431,0,0,0-1.3337,0l-2.6675,2.6675a.9431.9431,0,0,0,0,1.3337l8.1537,8.1536a3.4318,3.4318,0,0,0,.3872,1.0891L17.2762,41.39A.9431.9431,0,0,0,18.61,42.7238l9.8688-9.8689a3.455,3.455,0,0,0,5.09-2.4226Zm-6.4241-2.28-6.54-6.54,1.3338-1.3338,6.54,6.54A3.4825,3.4825,0,0,0,27.1449,28.1519Zm3.0185,3.2565a1.5719,1.5719,0,1,1,1.5718-1.5719A1.5663,1.5663,0,0,1,30.1634,31.4084Z\"><\/path><path d=\"M31,13V9a1,1,0,0,0-2,0v4a1,1,0,0,0,2,0Z\"><\/path><path d=\"M47,31h4a1,1,0,0,0,0-2H47a1,1,0,0,0,0,2Z\"><\/path><path d=\"M29,47v4a1,1,0,0,0,2,0V47a1,1,0,0,0-2,0Z\"><\/path><path d=\"M9,29a1,1,0,0,0,0,2h4a1,1,0,0,0,0-2Z\"><\/path><path d=\"M30,4A26,26,0,1,0,46.9272,49.7191a.9512.9512,0,1,0-1.24-1.4427,24.1258,24.1258,0,1,1,2.5894-2.5893.9513.9513,0,0,0,1.4427,1.24A25.9866,25.9866,0,0,0,30,4Z\"><\/path><\/svg>\t\t\t\t<\/span>\n\t\t\t<\/div>\n\t\t\t\n\t\t\t\t\t\t<div class=\"elementor-icon-box-content\">\n\n\t\t\t\t\t\t\t\t\t<h3 class=\"elementor-icon-box-title\">\n\t\t\t\t\t\t<span  >\n\t\t\t\t\t\t\tHEURES D'OUVERTURE\t\t\t\t\t\t<\/span>\n\t\t\t\t\t<\/h3>\n\t\t\t\t\n\t\t\t\t\t\t\t\t\t<p class=\"elementor-icon-box-description\">\n\t\t\t\t\t\tmercredi \n12:00 - 22:00  <br>\njeudi \n12:00 - 22:00 &nbsp;  &nbsp;  &nbsp; &nbsp;  &nbsp;  \nvendredi \n12:00 - 22:00 <br>\nsamedi \n12:00 - 22:00 &nbsp;  &nbsp;  &nbsp; \ndimanche\n12:00 - 15:00\t\t\t\t\t<\/p>\n\t\t\t\t\n\t\t\t<\/div>\n\t\t\t\n\t\t<\/div>\n\t\t\t\t\t\t<\/div>\n\t\t\t\t<\/div>\n\t\t\t\t<div class=\"elementor-element elementor-element-261aad80 elementor-position-inline-start elementor-view-default elementor-mobile-position-block-start elementor-widget elementor-widget-icon-box\" data-id=\"261aad80\" data-element_type=\"widget\" data-widget_type=\"icon-box.default\">\n\t\t\t\t<div class=\"elementor-widget-container\">\n\t\t\t\t\t\t\t<div class=\"elementor-icon-box-wrapper\">\n\n\t\t\t\t\t\t<div class=\"elementor-icon-box-icon\">\n\t\t\t\t<span  class=\"elementor-icon\">\n\t\t\t\t<svg xmlns=\"http:\/\/www.w3.org\/2000\/svg\" id=\"a45316fc-c164-48ff-9ecb-548d1c93f18e\" data-name=\"Layer 1\" width=\"59\" height=\"59\" viewBox=\"0 0 59 59\"><title>Phone icon<\/title><path d=\"M58.084,46.314l-11.13-11.13a3.1287,3.1287,0,0,0-4.4227,0l-6.94,6.94a40.0162,40.0162,0,0,1-7.8546-5.0874,1.1354,1.1354,0,0,0-1.4637,1.7362,44.2288,44.2288,0,0,0,9.0114,5.7508,1.1353,1.1353,0,0,0,1.324-.2058l3.7341-3.7335,12.31,12.31c-3.9761,3.4133-9.6071,4.6017-16,3.3448-7.19-1.414-14.7985-5.8408-21.4238-12.4661S4.1757,29.5386,2.7617,22.3486c-1.2569-6.3938-.0685-12.0248,3.3441-16L18.4176,18.66l-3.7352,3.7347a1.1352,1.1352,0,0,0-.2052,1.3246,42.12,42.12,0,0,0,8.6554,12.1505,1.1354,1.1354,0,0,0,1.6057-1.6058,38.5881,38.5881,0,0,1-7.8615-10.8516L23.8177,16.47a3.1273,3.1273,0,0,0,0-4.4227L12.6867.9166A3.1265,3.1265,0,0,0,8.264.916L5.2717,3.9083C.718,8.462-.9648,15.1668.5333,22.7864c1.5,7.6278,6.1483,15.6514,13.0893,22.5924S28.5865,56.9675,36.2142,58.4669A27.3421,27.3421,0,0,0,41.488,59a18.7388,18.7388,0,0,0,13.6043-5.2715l2.9917-2.9917a3.1274,3.1274,0,0,0,0-4.4228ZM9.87,2.5217a.8567.8567,0,0,1,1.2111,0L22.2125,13.6534a.8566.8566,0,0,1,0,1.2112l-2.1891,2.1891L7.6806,4.7109ZM56.4788,49.131l-2.19,2.1891L41.9481,38.9785l2.1892-2.1891a.8564.8564,0,0,1,1.2111,0l11.13,11.13A.8583.8583,0,0,1,56.4788,49.131Z\" transform=\"translate(0)\"><\/path><\/svg>\t\t\t\t<\/span>\n\t\t\t<\/div>\n\t\t\t\n\t\t\t\t\t\t<div class=\"elementor-icon-box-content\">\n\n\t\t\t\t\t\t\t\t\t<h3 class=\"elementor-icon-box-title\">\n\t\t\t\t\t\t<span  >\n\t\t\t\t\t\t\tAppelez-nous\t\t\t\t\t\t<\/span>\n\t\t\t\t\t<\/h3>\n\t\t\t\t\n\t\t\t\t\t\t\t\t\t<p class=\"elementor-icon-box-description\">\n\t\t\t\t\t\t09.81.08.69.00\t\t\t\t\t<\/p>\n\t\t\t\t\n\t\t\t<\/div>\n\t\t\t\n\t\t<\/div>\n\t\t\t\t\t\t<\/div>\n\t\t\t\t<\/div>\n\t\t\t\t<div class=\"elementor-element elementor-element-6e6f1b5d elementor-position-inline-start elementor-view-default elementor-mobile-position-block-start elementor-widget elementor-widget-icon-box\" data-id=\"6e6f1b5d\" data-element_type=\"widget\" data-widget_type=\"icon-box.default\">\n\t\t\t\t<div class=\"elementor-widget-container\">\n\t\t\t\t\t\t\t<div class=\"elementor-icon-box-wrapper\">\n\n\t\t\t\t\t\t<div class=\"elementor-icon-box-icon\">\n\t\t\t\t<span  class=\"elementor-icon\">\n\t\t\t\t<svg xmlns=\"http:\/\/www.w3.org\/2000\/svg\" id=\"be038b4d-830e-4cbc-8ae3-63b3b68c063d\" data-name=\"Layer 1\" width=\"41.8891\" height=\"59.9999\" viewBox=\"0 0 41.8891 59.9999\"><title>ADDRESS icon<\/title><path d=\"M28.5335,49.2449c1.1062-1.0417,2.1674-2.1328,3.159-3.2487A42.7863,42.7863,0,0,0,38.69,35.4151,34.6213,34.6213,0,0,0,41.8892,20.933,20.9446,20.9446,0,0,0,0,20.933,32.6425,32.6425,0,0,0,3.2684,34.8813a1.1175,1.1175,0,0,0,1.0073.6387,1.1123,1.1123,0,0,0,1.006-1.5855A30.4377,30.4377,0,0,1,2.2249,20.933a18.72,18.72,0,0,1,37.4392,0A32.4127,32.4127,0,0,1,36.68,34.4612a40.5294,40.5294,0,0,1-6.6142,10.0171,47.9408,47.9408,0,0,1-9.0625,7.9485A64.1144,64.1144,0,0,1,7.02,37.1835a1.1123,1.1123,0,1,0-1.8885,1.1758,59.3989,59.3989,0,0,0,8.7934,10.786,38.6982,38.6982,0,0,0-7.5014,1.41c-3.0333.9605-4.5734,2.2391-4.5777,3.8-.0048,1.8084,2.0476,3.243,6.1,4.2642A56.2435,56.2435,0,0,0,20.9318,60h.1959a55.965,55.965,0,0,0,12.7929-1.3118c4.0579-1,6.1179-2.4234,6.1228-4.2318C40.052,51.1387,33.06,49.7778,28.5335,49.2449Zm4.8544,7.2844a53.677,53.677,0,0,1-12.2507,1.2471l-.2016,0A53.9584,53.9584,0,0,1,8.49,56.4637c-3.5987-.9068-4.401-1.89-4.4189-2.1016,0-.1737.5129-.8406,2.784-1.5984a37.7388,37.7388,0,0,1,9.2373-1.5713c2.3376,2.1177,4.0105,3.3533,4.1954,3.4885a1.1135,1.1135,0,0,0,1.2256.0584,40.3571,40.3571,0,0,0,4.7582-3.4859,34.65,34.65,0,0,1,9.1624,1.7145c1.9613.7335,2.3846,1.3659,2.3846,1.481C37.7994,54.6624,36.9916,55.6415,33.3879,56.5293Z\" transform=\"translate(-0.0001 -0.0001)\" style=\"fill-rule:evenodd\"><\/path><path d=\"M21.111,14.2668a6.778,6.778,0,0,1,6.6259,5.1455,1.1413,1.1413,0,0,0,1.1146.8675,1.1638,1.1638,0,0,0,.27-.032,1.1383,1.1383,0,0,0,.71-.5109,1.1148,1.1148,0,0,0,.1361-.857,9.0018,9.0018,0,1,0-.042,4.4043,1.1129,1.1129,0,0,0-.12-.8594,1.1378,1.1378,0,0,0-.7-.5239,1.1635,1.1635,0,0,0-.2913-.0372,1.1451,1.1451,0,0,0-1.1091.8467,6.8058,6.8058,0,1,1-6.5947-8.4436Z\" transform=\"translate(-0.0001 -0.0001)\" style=\"fill-rule:evenodd\"><\/path><\/svg>\t\t\t\t<\/span>\n\t\t\t<\/div>\n\t\t\t\n\t\t\t\t\t\t<div class=\"elementor-icon-box-content\">\n\n\t\t\t\t\t\t\t\t\t<h3 class=\"elementor-icon-box-title\">\n\t\t\t\t\t\t<span  >\n\t\t\t\t\t\t\tADRESSE\t\t\t\t\t\t<\/span>\n\t\t\t\t\t<\/h3>\n\t\t\t\t\n\t\t\t\t\t\t\t\t\t<p class=\"elementor-icon-box-description\">\n\t\t\t\t\t\t334 Chem. de la Galifette, 84250 Le Thor\t\t\t\t\t<\/p>\n\t\t\t\t\n\t\t\t<\/div>\n\t\t\t\n\t\t<\/div>\n\t\t\t\t\t\t<\/div>\n\t\t\t\t<\/div>\n\t\t\t\t<\/div>\n\t\t\t\t<\/div>\n\t\t<div class=\"elementor-element elementor-element-7bddabca e-con-full e-flex e-con e-child\" data-id=\"7bddabca\" data-element_type=\"container\">\n\t\t\t\t<div class=\"elementor-element elementor-element-8871055 elementor-widget elementor-widget-google_maps\" data-id=\"8871055\" data-element_type=\"widget\" data-settings=\"{&quot;motion_fx_motion_fx_scrolling&quot;:&quot;yes&quot;,&quot;motion_fx_translateY_effect&quot;:&quot;yes&quot;,&quot;motion_fx_translateY_direction&quot;:&quot;negative&quot;,&quot;motion_fx_translateY_speed&quot;:{&quot;unit&quot;:&quot;px&quot;,&quot;size&quot;:&quot;1&quot;,&quot;sizes&quot;:[]},&quot;motion_fx_translateY_affectedRange&quot;:{&quot;unit&quot;:&quot;%&quot;,&quot;size&quot;:&quot;&quot;,&quot;sizes&quot;:{&quot;start&quot;:0,&quot;end&quot;:100}},&quot;motion_fx_devices&quot;:[&quot;desktop&quot;,&quot;tablet&quot;,&quot;mobile&quot;]}\" data-widget_type=\"google_maps.default\">\n\t\t\t\t<div class=\"elementor-widget-container\">\n\t\t\t\t\t\t\t<div class=\"elementor-custom-embed\">\n\t\t\t<iframe loading=\"lazy\"\n\t\t\t\t\tsrc=\"https:\/\/maps.google.com\/maps?q=La%20Table%20paysannele%20thor&#038;t=m&#038;z=10&#038;output=embed&#038;iwloc=near\"\n\t\t\t\t\ttitle=\"La Table paysannele thor\"\n\t\t\t\t\taria-label=\"La Table paysannele thor\"\n\t\t\t><\/iframe>\n\t\t<\/div>\n\t\t\t\t\t\t<\/div>\n\t\t\t\t<\/div>\n\t\t\t\t<\/div>\n\t\t\t\t\t<\/div>\n\t\t\t\t<\/div>\n\t\t\t\t<\/div>\n\t\t","protected":false},"excerpt":{"rendered":"<p>D\u00e9couvrez la table paysanne R\u00e9servez une table Envie de savourer une cuisine traditionnelle, faite maison et inspir\u00e9e des produits de notre r\u00e9gion ? R\u00e9servez votre table d\u00e8s maintenant et venez d\u00e9couvrir des plats pr\u00e9par\u00e9s avec passion, dans une ambiance conviviale et chaleureuse. Nous avons h\u00e2te de vous accueillir ! infos et r\u00e9servations OPENING HOURS icon [&hellip;]<\/p>\n","protected":false},"author":1,"featured_media":0,"parent":0,"menu_order":0,"comment_status":"closed","ping_status":"closed","template":"elementor_header_footer","meta":{"footnotes":""},"class_list":["post-31","page","type-page","status-publish","hentry"],"yoast_head":"<!-- This site is optimized with the Yoast SEO plugin v26.9 - https:\/\/yoast.com\/product\/yoast-seo-wordpress\/ -->\n<title>Nous contacter - La Table Paysanne<\/title>\n<meta name=\"robots\" content=\"index, follow, max-snippet:-1, max-image-preview:large, max-video-preview:-1\" \/>\n<link rel=\"canonical\" href=\"https:\/\/la-table-paysanne.fr\/?page_id=31\" \/>\n<meta property=\"og:locale\" content=\"fr_FR\" \/>\n<meta property=\"og:type\" content=\"article\" \/>\n<meta property=\"og:title\" content=\"Nous contacter - La Table Paysanne\" \/>\n<meta property=\"og:description\" content=\"D\u00e9couvrez la table paysanne R\u00e9servez une table Envie de savourer une cuisine traditionnelle, faite maison et inspir\u00e9e des produits de notre r\u00e9gion ? R\u00e9servez votre table d\u00e8s maintenant et venez d\u00e9couvrir des plats pr\u00e9par\u00e9s avec passion, dans une ambiance conviviale et chaleureuse. Nous avons h\u00e2te de vous accueillir ! infos et r\u00e9servations OPENING HOURS icon [&hellip;]\" \/>\n<meta property=\"og:url\" content=\"https:\/\/la-table-paysanne.fr\/?page_id=31\" \/>\n<meta property=\"og:site_name\" content=\"La Table Paysanne\" \/>\n<meta property=\"article:modified_time\" content=\"2025-11-27T14:30:00+00:00\" \/>\n<meta name=\"twitter:card\" content=\"summary_large_image\" \/>\n<script type=\"application\/ld+json\" class=\"yoast-schema-graph\">{\"@context\":\"https:\/\/schema.org\",\"@graph\":[{\"@type\":\"WebPage\",\"@id\":\"https:\/\/la-table-paysanne.fr\/?page_id=31\",\"url\":\"https:\/\/la-table-paysanne.fr\/?page_id=31\",\"name\":\"Nous contacter - La Table Paysanne\",\"isPartOf\":{\"@id\":\"https:\/\/la-table-paysanne.fr\/#website\"},\"datePublished\":\"2025-05-29T10:45:04+00:00\",\"dateModified\":\"2025-11-27T14:30:00+00:00\",\"breadcrumb\":{\"@id\":\"https:\/\/la-table-paysanne.fr\/?page_id=31#breadcrumb\"},\"inLanguage\":\"fr-FR\",\"potentialAction\":[{\"@type\":\"ReadAction\",\"target\":[\"https:\/\/la-table-paysanne.fr\/?page_id=31\"]}]},{\"@type\":\"BreadcrumbList\",\"@id\":\"https:\/\/la-table-paysanne.fr\/?page_id=31#breadcrumb\",\"itemListElement\":[{\"@type\":\"ListItem\",\"position\":1,\"name\":\"Accueil\",\"item\":\"https:\/\/la-table-paysanne.fr\/\"},{\"@type\":\"ListItem\",\"position\":2,\"name\":\"Nous contacter\"}]},{\"@type\":\"WebSite\",\"@id\":\"https:\/\/la-table-paysanne.fr\/#website\",\"url\":\"https:\/\/la-table-paysanne.fr\/\",\"name\":\"La Table Paysanne\",\"description\":\"\",\"publisher\":{\"@id\":\"https:\/\/la-table-paysanne.fr\/#organization\"},\"potentialAction\":[{\"@type\":\"SearchAction\",\"target\":{\"@type\":\"EntryPoint\",\"urlTemplate\":\"https:\/\/la-table-paysanne.fr\/?s={search_term_string}\"},\"query-input\":{\"@type\":\"PropertyValueSpecification\",\"valueRequired\":true,\"valueName\":\"search_term_string\"}}],\"inLanguage\":\"fr-FR\"},{\"@type\":\"Organization\",\"@id\":\"https:\/\/la-table-paysanne.fr\/#organization\",\"name\":\"La Table Paysanne\",\"url\":\"https:\/\/la-table-paysanne.fr\/\",\"logo\":{\"@type\":\"ImageObject\",\"inLanguage\":\"fr-FR\",\"@id\":\"https:\/\/la-table-paysanne.fr\/#\/schema\/logo\/image\/\",\"url\":\"https:\/\/la-table-paysanne.fr\/wp-content\/uploads\/2025\/05\/1000000516_2.webp\",\"contentUrl\":\"https:\/\/la-table-paysanne.fr\/wp-content\/uploads\/2025\/05\/1000000516_2.webp\",\"width\":1066,\"height\":847,\"caption\":\"La Table Paysanne\"},\"image\":{\"@id\":\"https:\/\/la-table-paysanne.fr\/#\/schema\/logo\/image\/\"}}]}<\/script>\n<!-- \/ Yoast SEO plugin. -->","yoast_head_json":{"title":"Nous contacter - La Table Paysanne","robots":{"index":"index","follow":"follow","max-snippet":"max-snippet:-1","max-image-preview":"max-image-preview:large","max-video-preview":"max-video-preview:-1"},"canonical":"https:\/\/la-table-paysanne.fr\/?page_id=31","og_locale":"fr_FR","og_type":"article","og_title":"Nous contacter - La Table Paysanne","og_description":"D\u00e9couvrez la table paysanne R\u00e9servez une table Envie de savourer une cuisine traditionnelle, faite maison et inspir\u00e9e des produits de notre r\u00e9gion ? R\u00e9servez votre table d\u00e8s maintenant et venez d\u00e9couvrir des plats pr\u00e9par\u00e9s avec passion, dans une ambiance conviviale et chaleureuse. Nous avons h\u00e2te de vous accueillir ! infos et r\u00e9servations OPENING HOURS icon [&hellip;]","og_url":"https:\/\/la-table-paysanne.fr\/?page_id=31","og_site_name":"La Table Paysanne","article_modified_time":"2025-11-27T14:30:00+00:00","twitter_card":"summary_large_image","schema":{"@context":"https:\/\/schema.org","@graph":[{"@type":"WebPage","@id":"https:\/\/la-table-paysanne.fr\/?page_id=31","url":"https:\/\/la-table-paysanne.fr\/?page_id=31","name":"Nous contacter - La Table Paysanne","isPartOf":{"@id":"https:\/\/la-table-paysanne.fr\/#website"},"datePublished":"2025-05-29T10:45:04+00:00","dateModified":"2025-11-27T14:30:00+00:00","breadcrumb":{"@id":"https:\/\/la-table-paysanne.fr\/?page_id=31#breadcrumb"},"inLanguage":"fr-FR","potentialAction":[{"@type":"ReadAction","target":["https:\/\/la-table-paysanne.fr\/?page_id=31"]}]},{"@type":"BreadcrumbList","@id":"https:\/\/la-table-paysanne.fr\/?page_id=31#breadcrumb","itemListElement":[{"@type":"ListItem","position":1,"name":"Accueil","item":"https:\/\/la-table-paysanne.fr\/"},{"@type":"ListItem","position":2,"name":"Nous contacter"}]},{"@type":"WebSite","@id":"https:\/\/la-table-paysanne.fr\/#website","url":"https:\/\/la-table-paysanne.fr\/","name":"La Table Paysanne","description":"","publisher":{"@id":"https:\/\/la-table-paysanne.fr\/#organization"},"potentialAction":[{"@type":"SearchAction","target":{"@type":"EntryPoint","urlTemplate":"https:\/\/la-table-paysanne.fr\/?s={search_term_string}"},"query-input":{"@type":"PropertyValueSpecification","valueRequired":true,"valueName":"search_term_string"}}],"inLanguage":"fr-FR"},{"@type":"Organization","@id":"https:\/\/la-table-paysanne.fr\/#organization","name":"La Table Paysanne","url":"https:\/\/la-table-paysanne.fr\/","logo":{"@type":"ImageObject","inLanguage":"fr-FR","@id":"https:\/\/la-table-paysanne.fr\/#\/schema\/logo\/image\/","url":"https:\/\/la-table-paysanne.fr\/wp-content\/uploads\/2025\/05\/1000000516_2.webp","contentUrl":"https:\/\/la-table-paysanne.fr\/wp-content\/uploads\/2025\/05\/1000000516_2.webp","width":1066,"height":847,"caption":"La Table Paysanne"},"image":{"@id":"https:\/\/la-table-paysanne.fr\/#\/schema\/logo\/image\/"}}]}},"_links":{"self":[{"href":"https:\/\/la-table-paysanne.fr\/index.php?rest_route=\/wp\/v2\/pages\/31","targetHints":{"allow":["GET"]}}],"collection":[{"href":"https:\/\/la-table-paysanne.fr\/index.php?rest_route=\/wp\/v2\/pages"}],"about":[{"href":"https:\/\/la-table-paysanne.fr\/index.php?rest_route=\/wp\/v2\/types\/page"}],"author":[{"embeddable":true,"href":"https:\/\/la-table-paysanne.fr\/index.php?rest_route=\/wp\/v2\/users\/1"}],"replies":[{"embeddable":true,"href":"https:\/\/la-table-paysanne.fr\/index.php?rest_route=%2Fwp%2Fv2%2Fcomments&post=31"}],"version-history":[{"count":29,"href":"https:\/\/la-table-paysanne.fr\/index.php?rest_route=\/wp\/v2\/pages\/31\/revisions"}],"predecessor-version":[{"id":313,"href":"https:\/\/la-table-paysanne.fr\/index.php?rest_route=\/wp\/v2\/pages\/31\/revisions\/313"}],"wp:attachment":[{"href":"https:\/\/la-table-paysanne.fr\/index.php?rest_route=%2Fwp%2Fv2%2Fmedia&parent=31"}],"curies":[{"name":"wp","href":"https:\/\/api.w.org\/{rel}","templated":true}]}}